{"id":28,"date":"2025-11-08T08:31:28","date_gmt":"2025-11-08T08:31:28","guid":{"rendered":"https:\/\/vaahteramaenkirppis.fi\/?page_id=28"},"modified":"2026-01-12T12:48:38","modified_gmt":"2026-01-12T12:48:38","slug":"hinnasto","status":"publish","type":"page","link":"https:\/\/vaahteramaenkirppis.fi\/?page_id=28","title":{"rendered":"Hinnasto"},"content":{"rendered":"\n<div class=\"wp-block-columns is-layout-flex wp-container-core-columns-is-layout-28f84493 wp-block-columns-is-layout-flex\">\n<div class=\"wp-block-column is-layout-flow wp-block-column-is-layout-flow\" style=\"flex-basis:66.66%\">\n<h4 class=\"wp-block-heading has-text-align-left\">Yl\u00e4kerran hinnasto:<\/h4>\n\n\n\n<h5 class=\"wp-block-heading has-text-align-left\">P\u00f6yt\u00e4 + rekki 32 \u20ac \/ 6 vrk<\/h5>\n\n\n\n<h5 class=\"wp-block-heading has-text-align-left\">Pelkk\u00e4 p\u00f6yt\u00e4 22 \u20ac \/ 6 vrk<\/h5>\n\n\n\n<h5 class=\"wp-block-heading has-text-align-left\">Pelkk\u00e4 rekki 20 \u20ac \/ 6 vrk<\/h5>\n\n\n\n<h5 class=\"wp-block-heading has-text-align-left\">Myynneist\u00e4 menee provisio 7 %<\/h5>\n\n\n\n<h4 class=\"wp-block-heading\">Alakerran hinnasto<\/h4>\n\n\n\n<h5 class=\"wp-block-heading\">P\u00f6yd\u00e4t 20 \u20ac \/ 6 vrk<\/h5>\n\n\n\n<h5 class=\"wp-block-heading\">Provisiop\u00f6yt\u00e4, provisio     25 %<\/h5>\n\n\n\n<h4 class=\"wp-block-heading\">Muut hinnat<\/h4>\n\n\n\n<h5 class=\"wp-block-heading\">Kaverin lis\u00e4ys varaukseen:<br>5 \u20ac\/kaveri\/varaus<\/h5>\n\n\n\n<h5 class=\"wp-block-heading\">Siivous:     2 \u20ac \/ yksi siivouskerta<\/h5>\n\n\n\n<h5 class=\"wp-block-heading\">T\u00e4yspalvelu:<br>Aloitus hinta 30\u20ac, <br>50 % provisio (lis\u00e4\u00e4 tietoa alla)<\/h5>\n<\/div>\n\n\n\n<div class=\"wp-block-column is-layout-flow wp-block-column-is-layout-flow\" style=\"flex-basis:33.33%\">\n<figure class=\"wp-block-image size-large\"><img loading=\"lazy\" decoding=\"async\" width=\"681\" height=\"1024\" src=\"https:\/\/vaahteramaenkirppis.fi\/wp-content\/uploads\/2025\/11\/key-4900643_12801-681x1024.jpg\" alt=\"\" class=\"wp-image-30\" srcset=\"https:\/\/vaahteramaenkirppis.fi\/wp-content\/uploads\/2025\/11\/key-4900643_12801-681x1024.jpg 681w, https:\/\/vaahteramaenkirppis.fi\/wp-content\/uploads\/2025\/11\/key-4900643_12801-199x300.jpg 199w, https:\/\/vaahteramaenkirppis.fi\/wp-content\/uploads\/2025\/11\/key-4900643_12801-768x1155.jpg 768w, https:\/\/vaahteramaenkirppis.fi\/wp-content\/uploads\/2025\/11\/key-4900643_12801.jpg 851w\" sizes=\"auto, (max-width: 681px) 100vw, 681px\" \/><\/figure>\n\n\n\n<figure class=\"wp-block-image size-full\"><a href=\"https:\/\/www.kirpparikalle.net\/sovellus\/guest.php?page=login&amp;source=frontpage\"><img loading=\"lazy\" decoding=\"async\" width=\"700\" height=\"956\" src=\"https:\/\/vaahteramaenkirppis.fi\/wp-content\/uploads\/2025\/11\/Untitled-Project1.jpg\" alt=\"\" class=\"wp-image-9\" srcset=\"https:\/\/vaahteramaenkirppis.fi\/wp-content\/uploads\/2025\/11\/Untitled-Project1.jpg 700w, https:\/\/vaahteramaenkirppis.fi\/wp-content\/uploads\/2025\/11\/Untitled-Project1-220x300.jpg 220w\" sizes=\"auto, (max-width: 700px) 100vw, 700px\" \/><\/a><\/figure>\n<\/div>\n<\/div>\n\n\n\n<div style=\"height:53px\" aria-hidden=\"true\" class=\"wp-block-spacer\"><\/div>\n\n\n\n<h4 class=\"wp-block-heading\">T\u00e4yspalvelusta<\/h4>\n\n\n\n<p>T\u00e4yspalvelua ei voi varata itse netiss\u00e4. Ota yhteytt\u00e4 kirpputoriin!\ufeff<\/p>\n\n\n\n<p>Tutun itsepalveluk\u00e4yt\u00e4nn\u00f6n lis\u00e4ksi Vaahteram\u00e4en kirpputorilla on mahdollisuus my\u00f6s&nbsp;<strong>t\u00e4yspalveluun<\/strong>. Se tarkoittaa sit\u00e4, ett\u00e4 myyj\u00e4n ainoa teht\u00e4v\u00e4 on tuoda tavarat kirpputorille, jossa henkil\u00f6kuntamme hinnoittelee tuotteet ja asettaa ne paikoilleen. T\u00e4yspalvelussa kirpputori saa 50 % ja asiakas 50 % myyntituotosta. T\u00e4yspalvelua ei voi varata netin Kirppisvaraus-palvelussa. Otathan yhteytt\u00e4 henkil\u00f6kuntaan, jos haluat j\u00e4tt\u00e4\u00e4 p\u00f6yd\u00e4n meid\u00e4n huoleksemme! Voit ottaa yhteytt\u00e4 <a href=\"tel:+358447700954\">soittamalla<\/a>, <a href=\"sms:0447700954\" data-type=\"link\" data-id=\"sms:0447700954\">tekstiviestill\u00e4 <\/a>tai <a href=\"mailto:vaahteramaenkirppis@gmail.com\">s\u00e4hk\u00f6postitse<\/a>. Saadaksesi t\u00e4yspalvelup\u00f6yd\u00e4n<strong>&nbsp;ilmottaudu jonoon<\/strong>. T\u00e4yspalvelup\u00f6yd\u00e4t t\u00e4ytet\u00e4\u00e4n varausj\u00e4rjestyksess\u00e4.<\/p>\n\n\n\n<p>Voit varata normaalin myyntipaikan, p\u00f6yd\u00e4n tai rekin vaivattomasti Kirppisvaraus-systeemiss\u00e4 klikkaamalla alta l\u00f6ytyv\u00e4\u00e4 painiketta. Voit varata myyntipaikan my\u00f6s olemalla suoraan yhteydess\u00e4 meihin tai saapumalla k\u00e4ym\u00e4\u00e4n paikan p\u00e4\u00e4ll\u00e4! Ole yhteydess\u00e4 my\u00f6s silloin, kun haluat varata t\u00e4yspalvelun tai sinulla on muuta kysytt\u00e4v\u00e4\u00e4.&nbsp;<a href=\"https:\/\/vaahteramaenkirppis.fi\/?page_id=47\" data-type=\"page\" data-id=\"47\">Yhteydenotto <\/a>onnistuu <a href=\"tel:+358447700954\">soittamalla<\/a>, <a href=\"sms:0447700954\" data-type=\"link\" data-id=\"sms:0447700954\">tekstiviestill\u00e4 <\/a>tai <a href=\"mailto:vaahteramaenkirppis@gmail.com\">s\u00e4hk\u00f6postitse<\/a>.<\/p>\n\n\n\n<figure class=\"wp-block-image size-full\"><img loading=\"lazy\" decoding=\"async\" width=\"850\" height=\"200\" src=\"https:\/\/vaahteramaenkirppis.fi\/wp-content\/uploads\/2026\/01\/varaa-poyta2-1.png\" alt=\"\" class=\"wp-image-111\" srcset=\"https:\/\/vaahteramaenkirppis.fi\/wp-content\/uploads\/2026\/01\/varaa-poyta2-1.png 850w, https:\/\/vaahteramaenkirppis.fi\/wp-content\/uploads\/2026\/01\/varaa-poyta2-1-300x71.png 300w, https:\/\/vaahteramaenkirppis.fi\/wp-content\/uploads\/2026\/01\/varaa-poyta2-1-768x181.png 768w\" sizes=\"auto, (max-width: 850px) 100vw, 850px\" \/><\/figure>\n\n\n\n<figure class=\"wp-block-image size-full\"><img loading=\"lazy\" decoding=\"async\" width=\"850\" height=\"199\" src=\"https:\/\/vaahteramaenkirppis.fi\/wp-content\/uploads\/2026\/01\/ota-yhteytta1.png\" alt=\"\" class=\"wp-image-112\" srcset=\"https:\/\/vaahteramaenkirppis.fi\/wp-content\/uploads\/2026\/01\/ota-yhteytta1.png 850w, https:\/\/vaahteramaenkirppis.fi\/wp-content\/uploads\/2026\/01\/ota-yhteytta1-300x70.png 300w, https:\/\/vaahteramaenkirppis.fi\/wp-content\/uploads\/2026\/01\/ota-yhteytta1-768x180.png 768w\" sizes=\"auto, (max-width: 850px) 100vw, 850px\" \/><\/figure>\n\n\n\n<div style=\"height:22px\" aria-hidden=\"true\" class=\"wp-block-spacer\"><\/div>\n\n\n\n<div class=\"wp-block-group alignfull has-background-color has-white-color has-black-background-color has-text-color has-background has-link-color wp-elements-025550360fe11a6b12c291788c83cf7f is-vertical is-content-justification-stretch is-layout-flex wp-container-core-group-is-layout-4648d900 wp-block-group-is-layout-flex\" style=\"min-height:40vh;margin-top:0;margin-bottom:0;padding-top:var(--wp--preset--spacing--60);padding-right:var(--wp--preset--spacing--40);padding-bottom:var(--wp--preset--spacing--60);padding-left:var(--wp--preset--spacing--40)\">\n<div class=\"wp-block-columns alignwide has-small-font-size is-layout-flex wp-container-core-columns-is-layout-28f84493 wp-block-columns-is-layout-flex\">\n<div class=\"wp-block-column is-layout-flow wp-block-column-is-layout-flow\">\n<h3 class=\"wp-block-heading has-text-align-center\"><strong>Yhteystiedot<\/strong><\/h3>\n\n\n\n<p class=\"has-text-align-center\"><a href=\"tel:+358447700954\" target=\"_blank\" rel=\"noreferrer noopener\">\ud83d\udcde044 770 0954<\/a><\/p>\n\n\n\n<p class=\"has-text-align-center\"><a href=\"https:\/\/maps.app.goo.gl\/vfEJTnesUy5czkv4A\">\ud83d\udcccVaahteram\u00e4en kirppis<br>Louhenkatu 7<br>74100 Iisalmi<\/a><\/p>\n\n\n\n<div style=\"height:24px\" aria-hidden=\"true\" class=\"wp-block-spacer\"><\/div>\n<\/div>\n\n\n\n<div class=\"wp-block-column is-layout-flow wp-block-column-is-layout-flow\">\n<h3 class=\"wp-block-heading has-text-align-center\"><strong>Pages<\/strong><\/h3>\n\n\n<nav class=\"has-small-font-size items-justified-center is-vertical no-wrap wp-block-navigation is-content-justification-center is-nowrap is-layout-flex wp-container-core-navigation-is-layout-34a3ecb2 wp-block-navigation-is-layout-flex\" aria-label=\"Valikko 2\"><ul class=\"wp-block-navigation__container has-small-font-size items-justified-center is-vertical no-wrap wp-block-navigation has-small-font-size\"><li class=\"has-small-font-size wp-block-navigation-item wp-block-navigation-link\"><a class=\"wp-block-navigation-item__content\"  href=\"https:\/\/vaahteramaenkirppis.fi\/\"><span class=\"wp-block-navigation-item__label\">Etusivu<\/span><\/a><\/li><li class=\"has-small-font-size wp-block-navigation-item wp-block-navigation-link\"><a class=\"wp-block-navigation-item__content\"  href=\"https:\/\/vaahteramaenkirppis.fi\/?page_id=28\"><span class=\"wp-block-navigation-item__label\">Hinnasto<\/span><\/a><\/li><li class=\"has-small-font-size wp-block-navigation-item wp-block-navigation-link\"><a class=\"wp-block-navigation-item__content\"  href=\"https:\/\/vaahteramaenkirppis.fi\/?page_id=47\"><span class=\"wp-block-navigation-item__label\">Yhteystiedot<\/span><\/a><\/li><li class=\"has-small-font-size wp-block-navigation-item wp-block-navigation-link\"><a class=\"wp-block-navigation-item__content\"  href=\"https:\/\/www.kirpparikalle.net\/sovellus\/guest.php?page=login&#038;source=frontpage\"><span class=\"wp-block-navigation-item__label\">P\u00f6yd\u00e4n varaus j\u00e4rjestelm\u00e4<\/span><\/a><\/li><li class=\"has-small-font-size wp-block-navigation-item wp-block-navigation-link\"><a class=\"wp-block-navigation-item__content\"  href=\"https:\/\/www.facebook.com\/vaahteramaenkirppis1\"><span class=\"wp-block-navigation-item__label\">Facebook<\/span><\/a><\/li><\/ul><\/nav>\n\n\n<div style=\"height:24px\" aria-hidden=\"true\" class=\"wp-block-spacer\"><\/div>\n<\/div>\n\n\n\n<div class=\"wp-block-column is-layout-flow wp-block-column-is-layout-flow\">\n<h3 class=\"wp-block-heading has-text-align-center\"><strong>Aukioloajat<\/strong><\/h3>\n\n\n\n<h6 class=\"wp-block-heading has-text-align-center\">ma &#8211; pe 9:30 &#8211; 17:30<\/h6>\n\n\n\n<h6 class=\"wp-block-heading has-text-align-center\">lauantai 9:30 &#8211; 15:00<\/h6>\n\n\n\n<h6 class=\"wp-block-heading has-text-align-center\">sunnuntai Suljettu<\/h6>\n\n\n\n<h6 class=\"wp-block-heading has-text-align-center\"><a href=\"https:\/\/vaahteramaenkirppis.fi\/?page_id=75\" data-type=\"page\" data-id=\"75\"><strong>Poikkeukselliset aukioloajat<\/strong><\/a><\/h6>\n\n\n\n<div style=\"height:24px\" aria-hidden=\"true\" class=\"wp-block-spacer\"><\/div>\n<\/div>\n<\/div>\n<\/div>\n","protected":false},"excerpt":{"rendered":"<p>Yl\u00e4kerran hinnasto: P\u00f6yt\u00e4 + rekki 32 \u20ac \/ 6 vrk Pelkk\u00e4 p\u00f6yt\u00e4 22 \u20ac \/ 6 vrk Pelkk\u00e4 rekki 20 \u20ac \/ 6 vrk Myynneist\u00e4 menee provisio 7 % Alakerran hinnasto P\u00f6yd\u00e4t 20 \u20ac \/ 6 vrk Provisiop\u00f6yt\u00e4, provisio 25 % Muut hinnat Kaverin lis\u00e4ys varaukseen:5 \u20ac\/kaveri\/varaus Siivous: 2 \u20ac \/ yksi siivouskerta T\u00e4yspalvelu:Aloitus hinta [&hellip;]<\/p>\n","protected":false},"author":2,"featured_media":0,"parent":0,"menu_order":0,"comment_status":"closed","ping_status":"closed","template":"","meta":{"footnotes":""},"class_list":["post-28","page","type-page","status-publish","hentry"],"_links":{"self":[{"href":"https:\/\/vaahteramaenkirppis.fi\/index.php?rest_route=\/wp\/v2\/pages\/28","targetHints":{"allow":["GET"]}}],"collection":[{"href":"https:\/\/vaahteramaenkirppis.fi\/index.php?rest_route=\/wp\/v2\/pages"}],"about":[{"href":"https:\/\/vaahteramaenkirppis.fi\/index.php?rest_route=\/wp\/v2\/types\/page"}],"author":[{"embeddable":true,"href":"https:\/\/vaahteramaenkirppis.fi\/index.php?rest_route=\/wp\/v2\/users\/2"}],"replies":[{"embeddable":true,"href":"https:\/\/vaahteramaenkirppis.fi\/index.php?rest_route=%2Fwp%2Fv2%2Fcomments&post=28"}],"version-history":[{"count":14,"href":"https:\/\/vaahteramaenkirppis.fi\/index.php?rest_route=\/wp\/v2\/pages\/28\/revisions"}],"predecessor-version":[{"id":113,"href":"https:\/\/vaahteramaenkirppis.fi\/index.php?rest_route=\/wp\/v2\/pages\/28\/revisions\/113"}],"wp:attachment":[{"href":"https:\/\/vaahteramaenkirppis.fi\/index.php?rest_route=%2Fwp%2Fv2%2Fmedia&parent=28"}],"curies":[{"name":"wp","href":"https:\/\/api.w.org\/{rel}","templated":true}]}}