{"id":47,"date":"2025-11-08T09:02:06","date_gmt":"2025-11-08T09:02:06","guid":{"rendered":"https:\/\/vaahteramaenkirppis.fi\/?page_id=47"},"modified":"2025-11-13T12:28:56","modified_gmt":"2025-11-13T12:28:56","slug":"yhteystiedot","status":"publish","type":"page","link":"https:\/\/vaahteramaenkirppis.fi\/?page_id=47","title":{"rendered":"Yhteystiedot"},"content":{"rendered":"\n<div class=\"wp-block-group is-vertical is-layout-flex wp-container-core-group-is-layout-fe9cc265 wp-block-group-is-layout-flex\">\n<div class=\"wp-block-columns is-layout-flex wp-container-core-columns-is-layout-28f84493 wp-block-columns-is-layout-flex\">\n<div class=\"wp-block-column is-layout-flow wp-block-column-is-layout-flow\">\n<p>Vaahteram\u00e4en kirppis<\/p>\n\n\n\n<p><a href=\"https:\/\/maps.app.goo.gl\/vfEJTnesUy5czkv4A\">\ud83d\udcccLouhenkatu 7<br>74100 Iisalmi<\/a><\/p>\n\n\n\n<p><\/p>\n\n\n\n<p><a href=\"tel:+358447700954\" target=\"_blank\" rel=\"noreferrer noopener\">\ud83d\udcde044 770 0954<\/a><\/p>\n\n\n\n<p><\/p>\n\n\n\n<p><a href=\"mailto:vaahteramaenkirppis@gmail.com\">\ud83d\udce7 vaahteramaenkirppis<br>@gmail.com<\/a><\/p>\n\n\n\n<p><a href=\"https:\/\/www.facebook.com\/vaahteramaenkirppis1\">\ud83d\udc99Facebook<\/a><\/p>\n<\/div>\n\n\n\n<div class=\"wp-block-column is-layout-flow wp-block-column-is-layout-flow\">\n<figure class=\"wp-block-image size-large\"><img loading=\"lazy\" decoding=\"async\" width=\"681\" height=\"1024\" src=\"https:\/\/vaahteramaenkirppis.fi\/wp-content\/uploads\/2025\/11\/Nimeton-malli1-1-681x1024.png\" alt=\"\" class=\"wp-image-48\" srcset=\"https:\/\/vaahteramaenkirppis.fi\/wp-content\/uploads\/2025\/11\/Nimeton-malli1-1-681x1024.png 681w, https:\/\/vaahteramaenkirppis.fi\/wp-content\/uploads\/2025\/11\/Nimeton-malli1-1-199x300.png 199w, https:\/\/vaahteramaenkirppis.fi\/wp-content\/uploads\/2025\/11\/Nimeton-malli1-1-768x1156.png 768w, https:\/\/vaahteramaenkirppis.fi\/wp-content\/uploads\/2025\/11\/Nimeton-malli1-1-1021x1536.png 1021w, https:\/\/vaahteramaenkirppis.fi\/wp-content\/uploads\/2025\/11\/Nimeton-malli1-1.png 1276w\" sizes=\"auto, (max-width: 681px) 100vw, 681px\" \/><\/figure>\n<\/div>\n<\/div>\n\n\n\n<iframe src=\"https:\/\/www.google.com\/maps\/embed?pb=!1m18!1m12!1m3!1d592.8677162995451!2d27.187781975856893!3d63.558597273778595!2m3!1f0!2f0!3f0!3m2!1i1024!2i768!4f13.1!3m3!1m2!1s0x46839d65ef1410bf%3A0x8ca9ec762d18795e!2sVaahteram%C3%A4en%20Kirppis!5e0!3m2!1sfi!2sfi!4v1760082429913!5m2!1sfi!2sfi\" width=\"100%\" height=\"450\" style=\"border:0;\" allowfullscreen=\"\" loading=\"lazy\" referrerpolicy=\"no-referrer-when-downgrade\"><\/iframe>\n<\/div>\n\n\n\n<hr class=\"wp-block-separator has-alpha-channel-opacity\"\/>\n\n\n\n<div class=\"wp-block-group alignfull has-background-color has-white-color has-black-background-color has-text-color has-background has-link-color wp-elements-025550360fe11a6b12c291788c83cf7f is-vertical is-content-justification-stretch is-layout-flex wp-container-core-group-is-layout-4648d900 wp-block-group-is-layout-flex\" style=\"min-height:40vh;margin-top:0;margin-bottom:0;padding-top:var(--wp--preset--spacing--60);padding-right:var(--wp--preset--spacing--40);padding-bottom:var(--wp--preset--spacing--60);padding-left:var(--wp--preset--spacing--40)\">\n<div class=\"wp-block-columns alignwide has-small-font-size is-layout-flex wp-container-core-columns-is-layout-28f84493 wp-block-columns-is-layout-flex\">\n<div class=\"wp-block-column is-layout-flow wp-block-column-is-layout-flow\">\n<h3 class=\"wp-block-heading has-text-align-center\"><strong>Yhteystiedot<\/strong><\/h3>\n\n\n\n<p class=\"has-text-align-center\"><a href=\"tel:+358447700954\" target=\"_blank\" rel=\"noreferrer noopener\">\ud83d\udcde044 770 0954<\/a><\/p>\n\n\n\n<p class=\"has-text-align-center\"><a href=\"https:\/\/maps.app.goo.gl\/vfEJTnesUy5czkv4A\">\ud83d\udcccVaahteram\u00e4en kirppis<br>Louhenkatu 7<br>74100 Iisalmi<\/a><\/p>\n\n\n\n<div style=\"height:24px\" aria-hidden=\"true\" class=\"wp-block-spacer\"><\/div>\n<\/div>\n\n\n\n<div class=\"wp-block-column is-layout-flow wp-block-column-is-layout-flow\">\n<h3 class=\"wp-block-heading has-text-align-center\"><strong>Pages<\/strong><\/h3>\n\n\n<nav class=\"has-small-font-size items-justified-center is-vertical no-wrap wp-block-navigation is-content-justification-center is-nowrap is-layout-flex wp-container-core-navigation-is-layout-34a3ecb2 wp-block-navigation-is-layout-flex\" aria-label=\"Valikko 2\"><ul class=\"wp-block-navigation__container has-small-font-size items-justified-center is-vertical no-wrap wp-block-navigation has-small-font-size\"><li class=\"has-small-font-size wp-block-navigation-item wp-block-navigation-link\"><a class=\"wp-block-navigation-item__content\"  href=\"https:\/\/vaahteramaenkirppis.fi\/\"><span class=\"wp-block-navigation-item__label\">Etusivu<\/span><\/a><\/li><li class=\"has-small-font-size wp-block-navigation-item wp-block-navigation-link\"><a class=\"wp-block-navigation-item__content\"  href=\"https:\/\/vaahteramaenkirppis.fi\/?page_id=28\"><span class=\"wp-block-navigation-item__label\">Hinnasto<\/span><\/a><\/li><li class=\"has-small-font-size wp-block-navigation-item wp-block-navigation-link\"><a class=\"wp-block-navigation-item__content\"  href=\"https:\/\/vaahteramaenkirppis.fi\/?page_id=47\"><span class=\"wp-block-navigation-item__label\">Yhteystiedot<\/span><\/a><\/li><li class=\"has-small-font-size wp-block-navigation-item wp-block-navigation-link\"><a class=\"wp-block-navigation-item__content\"  href=\"https:\/\/www.kirpparikalle.net\/sovellus\/guest.php?page=login&#038;source=frontpage\"><span class=\"wp-block-navigation-item__label\">P\u00f6yd\u00e4n varaus j\u00e4rjestelm\u00e4<\/span><\/a><\/li><li class=\"has-small-font-size wp-block-navigation-item wp-block-navigation-link\"><a class=\"wp-block-navigation-item__content\"  href=\"https:\/\/www.facebook.com\/vaahteramaenkirppis1\"><span class=\"wp-block-navigation-item__label\">Facebook<\/span><\/a><\/li><\/ul><\/nav>\n\n\n<div style=\"height:24px\" aria-hidden=\"true\" class=\"wp-block-spacer\"><\/div>\n<\/div>\n\n\n\n<div class=\"wp-block-column is-layout-flow wp-block-column-is-layout-flow\">\n<h3 class=\"wp-block-heading has-text-align-center\"><strong>Aukioloajat<\/strong><\/h3>\n\n\n\n<h6 class=\"wp-block-heading has-text-align-center\">ma &#8211; pe 9:30 &#8211; 17:30<\/h6>\n\n\n\n<h6 class=\"wp-block-heading has-text-align-center\">lauantai 9:30 &#8211; 15:00<\/h6>\n\n\n\n<h6 class=\"wp-block-heading has-text-align-center\">sunnuntai Suljettu<\/h6>\n\n\n\n<h6 class=\"wp-block-heading has-text-align-center\"><a href=\"https:\/\/vaahteramaenkirppis.fi\/?page_id=75\" data-type=\"page\" data-id=\"75\"><strong>Poikkeukselliset aukioloajat<\/strong><\/a><\/h6>\n\n\n\n<div style=\"height:24px\" aria-hidden=\"true\" class=\"wp-block-spacer\"><\/div>\n<\/div>\n<\/div>\n<\/div>\n","protected":false},"excerpt":{"rendered":"<p>Vaahteram\u00e4en kirppis \ud83d\udcccLouhenkatu 774100 Iisalmi \ud83d\udcde044 770 0954 \ud83d\udce7 vaahteramaenkirppis@gmail.com \ud83d\udc99Facebook<\/p>\n","protected":false},"author":2,"featured_media":0,"parent":0,"menu_order":0,"comment_status":"closed","ping_status":"closed","template":"","meta":{"footnotes":""},"class_list":["post-47","page","type-page","status-publish","hentry"],"_links":{"self":[{"href":"https:\/\/vaahteramaenkirppis.fi\/index.php?rest_route=\/wp\/v2\/pages\/47","targetHints":{"allow":["GET"]}}],"collection":[{"href":"https:\/\/vaahteramaenkirppis.fi\/index.php?rest_route=\/wp\/v2\/pages"}],"about":[{"href":"https:\/\/vaahteramaenkirppis.fi\/index.php?rest_route=\/wp\/v2\/types\/page"}],"author":[{"embeddable":true,"href":"https:\/\/vaahteramaenkirppis.fi\/index.php?rest_route=\/wp\/v2\/users\/2"}],"replies":[{"embeddable":true,"href":"https:\/\/vaahteramaenkirppis.fi\/index.php?rest_route=%2Fwp%2Fv2%2Fcomments&post=47"}],"version-history":[{"count":10,"href":"https:\/\/vaahteramaenkirppis.fi\/index.php?rest_route=\/wp\/v2\/pages\/47\/revisions"}],"predecessor-version":[{"id":93,"href":"https:\/\/vaahteramaenkirppis.fi\/index.php?rest_route=\/wp\/v2\/pages\/47\/revisions\/93"}],"wp:attachment":[{"href":"https:\/\/vaahteramaenkirppis.fi\/index.php?rest_route=%2Fwp%2Fv2%2Fmedia&parent=47"}],"curies":[{"name":"wp","href":"https:\/\/api.w.org\/{rel}","templated":true}]}}