{"id":75,"date":"2025-11-12T13:39:47","date_gmt":"2025-11-12T13:39:47","guid":{"rendered":"https:\/\/vaahteramaenkirppis.fi\/?page_id=75"},"modified":"2026-03-27T08:20:36","modified_gmt":"2026-03-27T08:20:36","slug":"poikkeus-aukioloajat","status":"publish","type":"page","link":"https:\/\/vaahteramaenkirppis.fi\/?page_id=75","title":{"rendered":"Aukioloajat"},"content":{"rendered":"\n<div class=\"wp-block-columns is-layout-flex wp-container-core-columns-is-layout-28f84493 wp-block-columns-is-layout-flex\">\n<div class=\"wp-block-column is-layout-flow wp-block-column-is-layout-flow\" style=\"flex-basis:66.66%\">\n<p class=\"has-text-align-left\">Maanantaina 9:30-17.30<\/p>\n\n\n\n<p class=\"has-text-align-left\">Tiistaina 9:30-17.30<\/p>\n\n\n\n<p class=\"has-text-align-left\">Keskiviikkona 9:30-17.30<\/p>\n\n\n\n<p class=\"has-text-align-left\">Torstaina 9:30-17.30<\/p>\n\n\n\n<p class=\"has-text-align-left\">Perjantaina 9:30-17.30<\/p>\n\n\n\n<p class=\"has-text-align-left\">Lauantaina 9:30-15.00<\/p>\n\n\n\n<p class=\"has-text-align-left\">Sunnuntaina Kiinni<\/p>\n<\/div>\n\n\n\n<div class=\"wp-block-column is-layout-flow wp-block-column-is-layout-flow\" style=\"flex-basis:33.33%\">\n<figure class=\"wp-block-image aligncenter size-large\"><img loading=\"lazy\" decoding=\"async\" width=\"559\" height=\"1024\" src=\"https:\/\/vaahteramaenkirppis.fi\/wp-content\/uploads\/2025\/11\/hut-559x1024.jpg\" alt=\"\" class=\"wp-image-90\" srcset=\"https:\/\/vaahteramaenkirppis.fi\/wp-content\/uploads\/2025\/11\/hut-559x1024.jpg 559w, https:\/\/vaahteramaenkirppis.fi\/wp-content\/uploads\/2025\/11\/hut-164x300.jpg 164w, https:\/\/vaahteramaenkirppis.fi\/wp-content\/uploads\/2025\/11\/hut.jpg 699w\" sizes=\"auto, (max-width: 559px) 100vw, 559px\" \/><\/figure>\n<\/div>\n<\/div>\n\n\n\n<h2 class=\"wp-block-heading\">Poikkeukselliset aukioloajat<\/h2>\n\n\n\n<p><strong>3.4<\/strong> Pitk\u00e4perjantai   Kiinni<br><strong>6.4<\/strong> 2. P\u00e4\u00e4si\u00e4isp\u00e4iv\u00e4 Kiinni<br><strong>1.5<\/strong> Vappu Kiinni<br><strong>14.5<\/strong> Helatorstai Kiinni<\/p>\n\n\n\n<p><\/p>\n\n\n\n<p><\/p>\n\n\n\n<p><br><br><\/p>\n\n\n\n<div class=\"wp-block-group alignfull has-background-color has-white-color has-black-background-color has-text-color has-background has-link-color wp-elements-025550360fe11a6b12c291788c83cf7f is-vertical is-content-justification-stretch is-layout-flex wp-container-core-group-is-layout-4648d900 wp-block-group-is-layout-flex\" style=\"min-height:40vh;margin-top:0;margin-bottom:0;padding-top:var(--wp--preset--spacing--60);padding-right:var(--wp--preset--spacing--40);padding-bottom:var(--wp--preset--spacing--60);padding-left:var(--wp--preset--spacing--40)\">\n<div class=\"wp-block-columns alignwide has-small-font-size is-layout-flex wp-container-core-columns-is-layout-28f84493 wp-block-columns-is-layout-flex\">\n<div class=\"wp-block-column is-layout-flow wp-block-column-is-layout-flow\">\n<h3 class=\"wp-block-heading has-text-align-center\"><strong>Yhteystiedot<\/strong><\/h3>\n\n\n\n<p class=\"has-text-align-center\"><a href=\"tel:+358447700954\" target=\"_blank\" rel=\"noreferrer noopener\">\ud83d\udcde044 770 0954<\/a><\/p>\n\n\n\n<p class=\"has-text-align-center\"><a href=\"https:\/\/maps.app.goo.gl\/vfEJTnesUy5czkv4A\">\ud83d\udcccVaahteram\u00e4en kirppis<br>Louhenkatu 7<br>74100 Iisalmi<\/a><\/p>\n\n\n\n<div style=\"height:24px\" aria-hidden=\"true\" class=\"wp-block-spacer\"><\/div>\n<\/div>\n\n\n\n<div class=\"wp-block-column is-layout-flow wp-block-column-is-layout-flow\">\n<h3 class=\"wp-block-heading has-text-align-center\"><strong>Pages<\/strong><\/h3>\n\n\n<nav class=\"has-small-font-size items-justified-center is-vertical no-wrap wp-block-navigation is-content-justification-center is-nowrap is-layout-flex wp-container-core-navigation-is-layout-34a3ecb2 wp-block-navigation-is-layout-flex\" aria-label=\"Valikko 2\"><ul class=\"wp-block-navigation__container has-small-font-size items-justified-center is-vertical no-wrap wp-block-navigation has-small-font-size\"><li class=\"has-small-font-size wp-block-navigation-item wp-block-navigation-link\"><a class=\"wp-block-navigation-item__content\"  href=\"https:\/\/vaahteramaenkirppis.fi\/\"><span class=\"wp-block-navigation-item__label\">Etusivu<\/span><\/a><\/li><li class=\"has-small-font-size wp-block-navigation-item wp-block-navigation-link\"><a class=\"wp-block-navigation-item__content\"  href=\"https:\/\/vaahteramaenkirppis.fi\/?page_id=28\"><span class=\"wp-block-navigation-item__label\">Hinnasto<\/span><\/a><\/li><li class=\"has-small-font-size wp-block-navigation-item wp-block-navigation-link\"><a class=\"wp-block-navigation-item__content\"  href=\"https:\/\/vaahteramaenkirppis.fi\/?page_id=47\"><span class=\"wp-block-navigation-item__label\">Yhteystiedot<\/span><\/a><\/li><li class=\"has-small-font-size wp-block-navigation-item wp-block-navigation-link\"><a class=\"wp-block-navigation-item__content\"  href=\"https:\/\/www.kirpparikalle.net\/sovellus\/guest.php?page=login&#038;source=frontpage\"><span class=\"wp-block-navigation-item__label\">P\u00f6yd\u00e4n varaus j\u00e4rjestelm\u00e4<\/span><\/a><\/li><li class=\"has-small-font-size wp-block-navigation-item wp-block-navigation-link\"><a class=\"wp-block-navigation-item__content\"  href=\"https:\/\/www.facebook.com\/vaahteramaenkirppis1\"><span class=\"wp-block-navigation-item__label\">Facebook<\/span><\/a><\/li><\/ul><\/nav>\n\n\n<div style=\"height:24px\" aria-hidden=\"true\" class=\"wp-block-spacer\"><\/div>\n<\/div>\n\n\n\n<div class=\"wp-block-column is-layout-flow wp-block-column-is-layout-flow\">\n<h3 class=\"wp-block-heading has-text-align-center\"><strong>Aukioloajat<\/strong><\/h3>\n\n\n\n<h6 class=\"wp-block-heading has-text-align-center\">ma &#8211; pe 9:30 &#8211; 17:30<\/h6>\n\n\n\n<h6 class=\"wp-block-heading has-text-align-center\">lauantai 9:30 &#8211; 15:00<\/h6>\n\n\n\n<h6 class=\"wp-block-heading has-text-align-center\">sunnuntai Suljettu<\/h6>\n\n\n\n<h6 class=\"wp-block-heading has-text-align-center\"><a href=\"https:\/\/vaahteramaenkirppis.fi\/?page_id=75\" data-type=\"page\" data-id=\"75\"><strong>Poikkeukselliset aukioloajat<\/strong><\/a><\/h6>\n\n\n\n<div style=\"height:24px\" aria-hidden=\"true\" class=\"wp-block-spacer\"><\/div>\n<\/div>\n<\/div>\n<\/div>\n","protected":false},"excerpt":{"rendered":"<p>Maanantaina 9:30-17.30 Tiistaina 9:30-17.30 Keskiviikkona 9:30-17.30 Torstaina 9:30-17.30 Perjantaina 9:30-17.30 Lauantaina 9:30-15.00 Sunnuntaina Kiinni Poikkeukselliset aukioloajat 3.4 Pitk\u00e4perjantai Kiinni6.4 2. P\u00e4\u00e4si\u00e4isp\u00e4iv\u00e4 Kiinni1.5 Vappu Kiinni14.5 Helatorstai Kiinni<\/p>\n","protected":false},"author":2,"featured_media":0,"parent":0,"menu_order":0,"comment_status":"closed","ping_status":"closed","template":"","meta":{"footnotes":""},"class_list":["post-75","page","type-page","status-publish","hentry"],"_links":{"self":[{"href":"https:\/\/vaahteramaenkirppis.fi\/index.php?rest_route=\/wp\/v2\/pages\/75","targetHints":{"allow":["GET"]}}],"collection":[{"href":"https:\/\/vaahteramaenkirppis.fi\/index.php?rest_route=\/wp\/v2\/pages"}],"about":[{"href":"https:\/\/vaahteramaenkirppis.fi\/index.php?rest_route=\/wp\/v2\/types\/page"}],"author":[{"embeddable":true,"href":"https:\/\/vaahteramaenkirppis.fi\/index.php?rest_route=\/wp\/v2\/users\/2"}],"replies":[{"embeddable":true,"href":"https:\/\/vaahteramaenkirppis.fi\/index.php?rest_route=%2Fwp%2Fv2%2Fcomments&post=75"}],"version-history":[{"count":11,"href":"https:\/\/vaahteramaenkirppis.fi\/index.php?rest_route=\/wp\/v2\/pages\/75\/revisions"}],"predecessor-version":[{"id":116,"href":"https:\/\/vaahteramaenkirppis.fi\/index.php?rest_route=\/wp\/v2\/pages\/75\/revisions\/116"}],"wp:attachment":[{"href":"https:\/\/vaahteramaenkirppis.fi\/index.php?rest_route=%2Fwp%2Fv2%2Fmedia&parent=75"}],"curies":[{"name":"wp","href":"https:\/\/api.w.org\/{rel}","templated":true}]}}